{"id":17,"date":"2023-10-14T12:53:25","date_gmt":"2023-10-14T10:53:25","guid":{"rendered":"https:\/\/literastriples.com\/?page_id=17"},"modified":"2023-10-14T12:53:25","modified_gmt":"2023-10-14T10:53:25","slug":"litera-triple","status":"publish","type":"page","link":"https:\/\/literastriples.com\/","title":{"rendered":"Litera Triple"},"content":{"rendered":"\n<p>\u00a1Bienvenido a Nuestra Tienda de Literas Triples para Adultos y Ni\u00f1os!<\/p>\n\n\n\n<pre class=\"wp-block-code\"><code>\u2022   Descubre Nuestras Literas Triples de Madera y Met\u00e1licas para Todos los Gustos.<\/code><\/pre>\n\n\n\n<p>Literas Triples Baratas en Oferta: La Soluci\u00f3n Ideal para Ahorrar Espacio<\/p>\n\n\n\n<pre class=\"wp-block-code\"><code>\u2022   Perfectas para Habitaciones Peque\u00f1as: Literas Triples en L, Esquina y Forma de Tren.<\/code><\/pre>\n\n\n\n<p>Dise\u00f1o Inteligente y Vers\u00e1til: Literas Triples de Madera, Metal y M\u00e1s<\/p>\n\n\n\n<pre class=\"wp-block-code\"><code>\u2022   Encuentra tu Litera Triple con Barandales, Escritorio, y\/o Cajonera.<\/code><\/pre>\n\n\n\n<p>Compra con Confianza: Encuentra la Litera Triple Ideal con Colch\u00f3n Incluido<\/p>\n\n\n\n<pre class=\"wp-block-code\"><code>\u2022   Literas Triples en Ocasi\u00f3n: Grandes Oportunidades para Ahorrar al comprar tu litera triple.<\/code><\/pre>\n\n\n\n<p>As\u00ed que, \u00bfqu\u00e9 est\u00e1s esperando? Explora nuestra amplia selecci\u00f3n de literas triples y encuentra la soluci\u00f3n perfecta para ahorrar espacio en tu habitaci\u00f3n. \u00a1Estamos aqu\u00ed para ayudarte a encontrar la litera triple que se adapte a tus necesidades y estilo!<\/p>\n","protected":false},"excerpt":{"rendered":"<p>\u00a1Bienvenido a Nuestra Tienda de Literas Triples para Adultos y Ni\u00f1os! Literas Triples Baratas en Oferta: La Soluci\u00f3n Ideal para Ahorrar Espacio Dise\u00f1o Inteligente y Vers\u00e1til: Literas Triples de Madera, Metal y M\u00e1s Compra con Confianza: Encuentra la Litera Triple Ideal con Colch\u00f3n Incluido As\u00ed que, \u00bfqu\u00e9 est\u00e1s esperando? Explora nuestra amplia selecci\u00f3n de literas [&hellip;]<\/p>\n","protected":false},"author":1,"featured_media":0,"parent":0,"menu_order":0,"comment_status":"closed","ping_status":"closed","template":"","meta":{"footnotes":""},"yoast_head":"<!-- This site is optimized with the Yoast SEO plugin v21.3 - https:\/\/yoast.com\/wordpress\/plugins\/seo\/ -->\n<title>Litera Triple<\/title>\n<meta name=\"robots\" content=\"index, follow, max-snippet:-1, max-image-preview:large, max-video-preview:-1\" \/>\n<link rel=\"canonical\" href=\"https:\/\/literastriples.com\/\" \/>\n<meta property=\"og:locale\" content=\"es_ES\" \/>\n<meta property=\"og:type\" content=\"article\" \/>\n<meta property=\"og:title\" content=\"Litera Triple\" \/>\n<meta property=\"og:description\" content=\"\u00a1Bienvenido a Nuestra Tienda de Literas Triples para Adultos y Ni\u00f1os! Literas Triples Baratas en Oferta: La Soluci\u00f3n Ideal para Ahorrar Espacio Dise\u00f1o Inteligente y Vers\u00e1til: Literas Triples de Madera, Metal y M\u00e1s Compra con Confianza: Encuentra la Litera Triple Ideal con Colch\u00f3n Incluido As\u00ed que, \u00bfqu\u00e9 est\u00e1s esperando? Explora nuestra amplia selecci\u00f3n de literas [&hellip;]\" \/>\n<meta property=\"og:url\" content=\"https:\/\/literastriples.com\/\" \/>\n<meta property=\"og:site_name\" content=\"Literas Triples\" \/>\n<meta name=\"twitter:card\" content=\"summary_large_image\" \/>\n<meta name=\"twitter:label1\" content=\"Tiempo de lectura\" \/>\n\t<meta name=\"twitter:data1\" content=\"1 minuto\" \/>\n<script type=\"application\/ld+json\" class=\"yoast-schema-graph\">{\"@context\":\"https:\/\/schema.org\",\"@graph\":[{\"@type\":\"WebPage\",\"@id\":\"https:\/\/literastriples.com\/\",\"url\":\"https:\/\/literastriples.com\/\",\"name\":\"Litera Triple\",\"isPartOf\":{\"@id\":\"https:\/\/literastriples.com\/#website\"},\"datePublished\":\"2023-10-14T10:53:25+00:00\",\"dateModified\":\"2023-10-14T10:53:25+00:00\",\"breadcrumb\":{\"@id\":\"https:\/\/literastriples.com\/#breadcrumb\"},\"inLanguage\":\"es\",\"potentialAction\":[{\"@type\":\"ReadAction\",\"target\":[\"https:\/\/literastriples.com\/\"]}]},{\"@type\":\"BreadcrumbList\",\"@id\":\"https:\/\/literastriples.com\/#breadcrumb\",\"itemListElement\":[{\"@type\":\"ListItem\",\"position\":1,\"name\":\"Portada\",\"item\":\"https:\/\/literastriples.com\/\"},{\"@type\":\"ListItem\",\"position\":2,\"name\":\"Litera Triple\"}]},{\"@type\":\"WebSite\",\"@id\":\"https:\/\/literastriples.com\/#website\",\"url\":\"https:\/\/literastriples.com\/\",\"name\":\"Litera Triple\",\"description\":\"Literas triples: la soluci\u00f3n perfecta para familias numerosas o amigos que comparten piso. Ahorre espacio con una cama para tres personas.\",\"potentialAction\":[{\"@type\":\"SearchAction\",\"target\":{\"@type\":\"EntryPoint\",\"urlTemplate\":\"https:\/\/literastriples.com\/?s={search_term_string}\"},\"query-input\":\"required name=search_term_string\"}],\"inLanguage\":\"es\"}]}<\/script>\n<!-- \/ Yoast SEO plugin. -->","yoast_head_json":{"title":"Litera Triple","robots":{"index":"index","follow":"follow","max-snippet":"max-snippet:-1","max-image-preview":"max-image-preview:large","max-video-preview":"max-video-preview:-1"},"canonical":"https:\/\/literastriples.com\/","og_locale":"es_ES","og_type":"article","og_title":"Litera Triple","og_description":"\u00a1Bienvenido a Nuestra Tienda de Literas Triples para Adultos y Ni\u00f1os! Literas Triples Baratas en Oferta: La Soluci\u00f3n Ideal para Ahorrar Espacio Dise\u00f1o Inteligente y Vers\u00e1til: Literas Triples de Madera, Metal y M\u00e1s Compra con Confianza: Encuentra la Litera Triple Ideal con Colch\u00f3n Incluido As\u00ed que, \u00bfqu\u00e9 est\u00e1s esperando? Explora nuestra amplia selecci\u00f3n de literas [&hellip;]","og_url":"https:\/\/literastriples.com\/","og_site_name":"Literas Triples","twitter_card":"summary_large_image","twitter_misc":{"Tiempo de lectura":"1 minuto"},"schema":{"@context":"https:\/\/schema.org","@graph":[{"@type":"WebPage","@id":"https:\/\/literastriples.com\/","url":"https:\/\/literastriples.com\/","name":"Litera Triple","isPartOf":{"@id":"https:\/\/literastriples.com\/#website"},"datePublished":"2023-10-14T10:53:25+00:00","dateModified":"2023-10-14T10:53:25+00:00","breadcrumb":{"@id":"https:\/\/literastriples.com\/#breadcrumb"},"inLanguage":"es","potentialAction":[{"@type":"ReadAction","target":["https:\/\/literastriples.com\/"]}]},{"@type":"BreadcrumbList","@id":"https:\/\/literastriples.com\/#breadcrumb","itemListElement":[{"@type":"ListItem","position":1,"name":"Portada","item":"https:\/\/literastriples.com\/"},{"@type":"ListItem","position":2,"name":"Litera Triple"}]},{"@type":"WebSite","@id":"https:\/\/literastriples.com\/#website","url":"https:\/\/literastriples.com\/","name":"Litera Triple","description":"Literas triples: la soluci\u00f3n perfecta para familias numerosas o amigos que comparten piso. Ahorre espacio con una cama para tres personas.","potentialAction":[{"@type":"SearchAction","target":{"@type":"EntryPoint","urlTemplate":"https:\/\/literastriples.com\/?s={search_term_string}"},"query-input":"required name=search_term_string"}],"inLanguage":"es"}]}},"_links":{"self":[{"href":"https:\/\/literastriples.com\/index.php\/wp-json\/wp\/v2\/pages\/17"}],"collection":[{"href":"https:\/\/literastriples.com\/index.php\/wp-json\/wp\/v2\/pages"}],"about":[{"href":"https:\/\/literastriples.com\/index.php\/wp-json\/wp\/v2\/types\/page"}],"author":[{"embeddable":true,"href":"https:\/\/literastriples.com\/index.php\/wp-json\/wp\/v2\/users\/1"}],"replies":[{"embeddable":true,"href":"https:\/\/literastriples.com\/index.php\/wp-json\/wp\/v2\/comments?post=17"}],"version-history":[{"count":1,"href":"https:\/\/literastriples.com\/index.php\/wp-json\/wp\/v2\/pages\/17\/revisions"}],"predecessor-version":[{"id":18,"href":"https:\/\/literastriples.com\/index.php\/wp-json\/wp\/v2\/pages\/17\/revisions\/18"}],"wp:attachment":[{"href":"https:\/\/literastriples.com\/index.php\/wp-json\/wp\/v2\/media?parent=17"}],"curies":[{"name":"wp","href":"https:\/\/api.w.org\/{rel}","templated":true}]}}